{"id":1161,"date":"2026-02-21T14:24:52","date_gmt":"2026-02-21T13:24:52","guid":{"rendered":"https:\/\/lacanaubeachclub.fr\/?page_id=1161"},"modified":"2026-02-26T22:21:04","modified_gmt":"2026-02-26T21:21:04","slug":"elementor-1161","status":"publish","type":"page","link":"https:\/\/lacanaubeachclub.fr\/index.php\/elementor-1161\/","title":{"rendered":"YOGA"},"content":{"rendered":"\t\t<div data-elementor-type=\"wp-page\" data-elementor-id=\"1161\" class=\"elementor elementor-1161\">\n\t\t\t\t<div class=\"elementor-element elementor-element-dd90eaa e-flex e-con-boxed e-con e-parent\" data-id=\"dd90eaa\" data-element_type=\"container\" data-e-type=\"container\">\n\t\t\t\t\t<div class=\"e-con-inner\">\n\t\t<div class=\"elementor-element elementor-element-d9a54b8 e-con-full e-flex e-con e-child\" data-id=\"d9a54b8\" data-element_type=\"container\" data-e-type=\"container\">\n\t\t\t\t<div class=\"elementor-element elementor-element-1da80b3 elementor-widget__width-initial elementor-widget elementor-widget-image\" data-id=\"1da80b3\" data-element_type=\"widget\" data-e-type=\"widget\" data-widget_type=\"image.default\">\n\t\t\t\t<div class=\"elementor-widget-container\">\n\t\t\t\t\t\t\t\t\t\t\t\t\t\t\t<img fetchpriority=\"high\" decoding=\"async\" width=\"682\" height=\"1024\" src=\"https:\/\/lacanaubeachclub.fr\/wp-content\/uploads\/2026\/02\/WhatsApp-Image-2025-12-18-at-13.24.13-1-682x1024.jpeg\" class=\"attachment-large size-large wp-image-1163\" alt=\"\" srcset=\"https:\/\/lacanaubeachclub.fr\/wp-content\/uploads\/2026\/02\/WhatsApp-Image-2025-12-18-at-13.24.13-1-682x1024.jpeg 682w, https:\/\/lacanaubeachclub.fr\/wp-content\/uploads\/2026\/02\/WhatsApp-Image-2025-12-18-at-13.24.13-1-200x300.jpeg 200w, https:\/\/lacanaubeachclub.fr\/wp-content\/uploads\/2026\/02\/WhatsApp-Image-2025-12-18-at-13.24.13-1-768x1153.jpeg 768w, https:\/\/lacanaubeachclub.fr\/wp-content\/uploads\/2026\/02\/WhatsApp-Image-2025-12-18-at-13.24.13-1-1023x1536.jpeg 1023w, https:\/\/lacanaubeachclub.fr\/wp-content\/uploads\/2026\/02\/WhatsApp-Image-2025-12-18-at-13.24.13-1.jpeg 1066w\" sizes=\"(max-width: 682px) 100vw, 682px\" \/>\t\t\t\t\t\t\t\t\t\t\t\t\t\t\t<\/div>\n\t\t\t\t<\/div>\n\t\t\t\t<\/div>\n\t\t<div class=\"elementor-element elementor-element-96c72e5 e-con-full e-flex e-con e-child\" data-id=\"96c72e5\" data-element_type=\"container\" data-e-type=\"container\">\n\t\t\t\t<div class=\"elementor-element elementor-element-96d999e elementor-widget elementor-widget-heading\" data-id=\"96d999e\" data-element_type=\"widget\" data-e-type=\"widget\" data-widget_type=\"heading.default\">\n\t\t\t\t<div class=\"elementor-widget-container\">\n\t\t\t\t\t<h2 class=\"elementor-heading-title elementor-size-default\">YOGA<\/h2>\t\t\t\t<\/div>\n\t\t\t\t<\/div>\n\t\t<div class=\"elementor-element elementor-element-632668a e-con-full e-flex e-con e-child\" data-id=\"632668a\" data-element_type=\"container\" data-e-type=\"container\">\n\t\t\t\t<div class=\"elementor-element elementor-element-18f29da elementor-widget elementor-widget-text-editor\" data-id=\"18f29da\" data-element_type=\"widget\" data-e-type=\"widget\" data-widget_type=\"text-editor.default\">\n\t\t\t\t<div class=\"elementor-widget-container\">\n\t\t\t\t\t\t\t\t\t<p data-start=\"118\" data-end=\"330\">Face \u00e0 l\u2019oc\u00e9an, laissez le rythme des vagues guider votre respiration.<\/p><p data-start=\"118\" data-end=\"330\">\u00a0<br data-start=\"188\" data-end=\"191\" \/><strong><em>Nos s\u00e9ances de yoga en plein air vous invitent \u00e0 vivre une exp\u00e9rience unique, o\u00f9 le mouvement, le souffle et les \u00e9l\u00e9ments se rencontrent.<\/em><\/strong><\/p><p data-start=\"118\" data-end=\"330\">\u00a0<\/p><p data-start=\"332\" data-end=\"524\">Dans un cadre naturel privil\u00e9gi\u00e9, entre sable fin et horizon infini, nous vous proposons des cours accessibles \u00e0 tous les niveaux, pour vous reconnecter \u00e0 votre corps et \u00e0 l\u2019instant pr\u00e9sent.<\/p>\t\t\t\t\t\t\t\t<\/div>\n\t\t\t\t<\/div>\n\t\t\t\t<\/div>\n\t\t\t\t<\/div>\n\t\t\t\t\t<\/div>\n\t\t\t\t<\/div>\n\t\t<div class=\"elementor-element elementor-element-701b884 e-flex e-con-boxed e-con e-parent\" data-id=\"701b884\" data-element_type=\"container\" data-e-type=\"container\">\n\t\t\t\t\t<div class=\"e-con-inner\">\n\t\t\t\t\t<\/div>\n\t\t\t\t<\/div>\n\t\t<div class=\"elementor-element elementor-element-9be49f9 e-flex e-con-boxed e-con e-parent\" data-id=\"9be49f9\" data-element_type=\"container\" data-e-type=\"container\">\n\t\t\t\t\t<div class=\"e-con-inner\">\n\t\t<div class=\"elementor-element elementor-element-38016e0 e-con-full e-flex e-con e-child\" data-id=\"38016e0\" data-element_type=\"container\" data-e-type=\"container\">\n\t\t\t\t<div class=\"elementor-element elementor-element-10dd5d2 elementor-widget elementor-widget-heading\" data-id=\"10dd5d2\" data-element_type=\"widget\" data-e-type=\"widget\" data-widget_type=\"heading.default\">\n\t\t\t\t<div class=\"elementor-widget-container\">\n\t\t\t\t\t<h2 class=\"elementor-heading-title elementor-size-default\">Hatha Yoga<\/h2>\t\t\t\t<\/div>\n\t\t\t\t<\/div>\n\t\t\t\t<div class=\"elementor-element elementor-element-a5de448 elementor-widget elementor-widget-text-editor\" data-id=\"a5de448\" data-element_type=\"widget\" data-e-type=\"widget\" data-widget_type=\"text-editor.default\">\n\t\t\t\t<div class=\"elementor-widget-container\">\n\t\t\t\t\t\t\t\t\t<p>Des s\u00e9ances accessibles \u00e0 tous les niveaux, cibl\u00e9es sur le travail des muscles en profondeur et de la souplesse, au rythme d\u2019une respiration guid\u00e9e afin de se recentrer sur soi.<\/p>\t\t\t\t\t\t\t\t<\/div>\n\t\t\t\t<\/div>\n\t\t\t\t<\/div>\n\t\t<div class=\"elementor-element elementor-element-757b0b2 e-con-full e-flex e-con e-child\" data-id=\"757b0b2\" data-element_type=\"container\" data-e-type=\"container\">\n\t\t\t\t<div class=\"elementor-element elementor-element-818942f elementor-widget elementor-widget-heading\" data-id=\"818942f\" data-element_type=\"widget\" data-e-type=\"widget\" data-widget_type=\"heading.default\">\n\t\t\t\t<div class=\"elementor-widget-container\">\n\t\t\t\t\t<h2 class=\"elementor-heading-title elementor-size-default\"><strong>Morning Yoga (ou Core &amp; Balance Yoga)<\/strong><\/h2>\t\t\t\t<\/div>\n\t\t\t\t<\/div>\n\t\t\t\t<div class=\"elementor-element elementor-element-ee45209 elementor-widget elementor-widget-text-editor\" data-id=\"ee45209\" data-element_type=\"widget\" data-e-type=\"widget\" data-widget_type=\"text-editor.default\">\n\t\t\t\t<div class=\"elementor-widget-container\">\n\t\t\t\t\t\t\t\t\t<p><span style=\"font-size: 16px;\">Une pratique dynamique et \u00e9nergisante o\u00f9 les postures traditionnelles \u00e9voluent \u00e0 travers des encha\u00eenements cr\u00e9atifs. On y explore souffle, force, flexibilit\u00e9 et \u00e9quilibre pour booster l\u2019\u00e9nergie et commencer la journ\u00e9e en mouvement. Chaque session propose des variations adapt\u00e9es \u00e0 diff\u00e9rents niveaux, avec une base physique n\u00e9cessaire.<\/span><span style=\"text-align: center; font-size: 1rem;\">\u00a0<\/span><\/p>\t\t\t\t\t\t\t\t<\/div>\n\t\t\t\t<\/div>\n\t\t\t\t<\/div>\n\t\t<div class=\"elementor-element elementor-element-7565cec e-con-full e-flex e-con e-child\" data-id=\"7565cec\" data-element_type=\"container\" data-e-type=\"container\">\n\t\t\t\t<div class=\"elementor-element elementor-element-8e34727 elementor-widget elementor-widget-heading\" data-id=\"8e34727\" data-element_type=\"widget\" data-e-type=\"widget\" data-widget_type=\"heading.default\">\n\t\t\t\t<div class=\"elementor-widget-container\">\n\t\t\t\t\t<h2 class=\"elementor-heading-title elementor-size-default\"><strong>Vinyasa Yoga<\/strong><\/h2>\t\t\t\t<\/div>\n\t\t\t\t<\/div>\n\t\t\t\t<div class=\"elementor-element elementor-element-0ad5040 elementor-widget elementor-widget-text-editor\" data-id=\"0ad5040\" data-element_type=\"widget\" data-e-type=\"widget\" data-widget_type=\"text-editor.default\">\n\t\t\t\t<div class=\"elementor-widget-container\">\n\t\t\t\t\t\t\t\t\t<p>Des flows pour explorer le mouvement, la mobilit\u00e9, renforcer en douceur et mieux habiter son corps. Pas besoin d\u2019\u00eatre souple ou sportif\u00b7ve : on bouge avec ce qu\u2019on a, ce qu\u2019on ressent, comme on est. Un moment pour respirer, rel\u00e2cher les tensions, et retrouver un peu plus de fluidit\u00e9.<\/p>\t\t\t\t\t\t\t\t<\/div>\n\t\t\t\t<\/div>\n\t\t\t\t<\/div>\n\t\t\t\t\t<\/div>\n\t\t\t\t<\/div>\n\t\t<div class=\"elementor-element elementor-element-4454461 e-flex e-con-boxed e-con e-parent\" data-id=\"4454461\" data-element_type=\"container\" data-e-type=\"container\">\n\t\t\t\t\t<div class=\"e-con-inner\">\n\t\t<div class=\"elementor-element elementor-element-93705f3 e-con-full e-flex e-con e-child\" data-id=\"93705f3\" data-element_type=\"container\" data-e-type=\"container\">\n\t\t\t\t<\/div>\n\t\t<div class=\"elementor-element elementor-element-e4171d2 e-con-full e-flex e-con e-child\" data-id=\"e4171d2\" data-element_type=\"container\" data-e-type=\"container\">\n\t\t\t\t<\/div>\n\t\t<div class=\"elementor-element elementor-element-827edf6 e-con-full e-flex e-con e-child\" data-id=\"827edf6\" data-element_type=\"container\" data-e-type=\"container\">\n\t\t\t\t<\/div>\n\t\t\t\t\t<\/div>\n\t\t\t\t<\/div>\n\t\t\t\t<\/div>\n\t\t","protected":false},"excerpt":{"rendered":"<p>YOGA Face \u00e0 l\u2019oc\u00e9an, laissez le rythme des vagues guider votre respiration. \u00a0Nos s\u00e9ances de yoga en plein air vous [&hellip;]<\/p>\n","protected":false},"author":1,"featured_media":0,"parent":0,"menu_order":0,"comment_status":"closed","ping_status":"closed","template":"","meta":{"site-sidebar-layout":"no-sidebar","site-content-layout":"","ast-site-content-layout":"full-width-container","site-content-style":"default","site-sidebar-style":"default","ast-global-header-display":"","ast-banner-title-visibility":"","ast-main-header-display":"","ast-hfb-above-header-display":"","ast-hfb-below-header-display":"","ast-hfb-mobile-header-display":"","site-post-title":"","ast-breadcrumbs-content":"","ast-featured-img":"disabled","footer-sml-layout":"","ast-disable-related-posts":"","theme-transparent-header-meta":"","adv-header-id-meta":"","stick-header-meta":"","header-above-stick-meta":"","header-main-stick-meta":"","header-below-stick-meta":"","astra-migrate-meta-layouts":"default","ast-page-background-enabled":"default","ast-page-background-meta":{"desktop":{"background-color":"var(--ast-global-color-4)","background-image":"","background-repeat":"repeat","background-position":"center center","background-size":"auto","background-attachment":"scroll","background-type":"","background-media":"","overlay-type":"","overlay-color":"","overlay-opacity":"","overlay-gradient":""},"tablet":{"background-color":"","background-image":"","background-repeat":"repeat","background-position":"center center","background-size":"auto","background-attachment":"scroll","background-type":"","background-media":"","overlay-type":"","overlay-color":"","overlay-opacity":"","overlay-gradient":""},"mobile":{"background-color":"","background-image":"","background-repeat":"repeat","background-position":"center center","background-size":"auto","background-attachment":"scroll","background-type":"","background-media":"","overlay-type":"","overlay-color":"","overlay-opacity":"","overlay-gradient":""}},"ast-content-background-meta":{"desktop":{"background-color":"var(--ast-global-color-5)","background-image":"","background-repeat":"repeat","background-position":"center center","background-size":"auto","background-attachment":"scroll","background-type":"","background-media":"","overlay-type":"","overlay-color":"","overlay-opacity":"","overlay-gradient":""},"tablet":{"background-color":"var(--ast-global-color-5)","background-image":"","background-repeat":"repeat","background-position":"center center","background-size":"auto","background-attachment":"scroll","background-type":"","background-media":"","overlay-type":"","overlay-color":"","overlay-opacity":"","overlay-gradient":""},"mobile":{"background-color":"var(--ast-global-color-5)","background-image":"","background-repeat":"repeat","background-position":"center center","background-size":"auto","background-attachment":"scroll","background-type":"","background-media":"","overlay-type":"","overlay-color":"","overlay-opacity":"","overlay-gradient":""}},"footnotes":""},"class_list":["post-1161","page","type-page","status-publish","hentry"],"yoast_head":"<!-- This site is optimized with the Yoast SEO plugin v27.2 - https:\/\/yoast.com\/product\/yoast-seo-wordpress\/ -->\n<title>YOGA - Lacanau Beach Club<\/title>\n<meta name=\"robots\" content=\"index, follow, max-snippet:-1, max-image-preview:large, max-video-preview:-1\" \/>\n<link rel=\"canonical\" href=\"https:\/\/lacanaubeachclub.fr\/index.php\/elementor-1161\/\" \/>\n<meta property=\"og:locale\" content=\"fr_FR\" \/>\n<meta property=\"og:type\" content=\"article\" \/>\n<meta property=\"og:title\" content=\"YOGA - Lacanau Beach Club\" \/>\n<meta property=\"og:description\" content=\"YOGA Face \u00e0 l\u2019oc\u00e9an, laissez le rythme des vagues guider votre respiration. \u00a0Nos s\u00e9ances de yoga en plein air vous [&hellip;]\" \/>\n<meta property=\"og:url\" content=\"https:\/\/lacanaubeachclub.fr\/index.php\/elementor-1161\/\" \/>\n<meta property=\"og:site_name\" content=\"Lacanau Beach Club\" \/>\n<meta property=\"article:modified_time\" content=\"2026-02-26T21:21:04+00:00\" \/>\n<meta property=\"og:image\" content=\"http:\/\/lacanaubeachclub.fr\/wp-content\/uploads\/2026\/02\/WhatsApp-Image-2025-12-18-at-13.24.13-1-682x1024.jpeg\" \/>\n<meta name=\"twitter:card\" content=\"summary_large_image\" \/>\n<meta name=\"twitter:label1\" content=\"Dur\u00e9e de lecture estim\u00e9e\" \/>\n\t<meta name=\"twitter:data1\" content=\"2 minutes\" \/>\n<script type=\"application\/ld+json\" class=\"yoast-schema-graph\">{\"@context\":\"https:\/\/schema.org\",\"@graph\":[{\"@type\":\"WebPage\",\"@id\":\"https:\/\/lacanaubeachclub.fr\/index.php\/elementor-1161\/\",\"url\":\"https:\/\/lacanaubeachclub.fr\/index.php\/elementor-1161\/\",\"name\":\"YOGA - Lacanau Beach Club\",\"isPartOf\":{\"@id\":\"https:\/\/lacanaubeachclub.fr\/#website\"},\"primaryImageOfPage\":{\"@id\":\"https:\/\/lacanaubeachclub.fr\/index.php\/elementor-1161\/#primaryimage\"},\"image\":{\"@id\":\"https:\/\/lacanaubeachclub.fr\/index.php\/elementor-1161\/#primaryimage\"},\"thumbnailUrl\":\"http:\/\/lacanaubeachclub.fr\/wp-content\/uploads\/2026\/02\/WhatsApp-Image-2025-12-18-at-13.24.13-1-682x1024.jpeg\",\"datePublished\":\"2026-02-21T13:24:52+00:00\",\"dateModified\":\"2026-02-26T21:21:04+00:00\",\"breadcrumb\":{\"@id\":\"https:\/\/lacanaubeachclub.fr\/index.php\/elementor-1161\/#breadcrumb\"},\"inLanguage\":\"fr-FR\",\"potentialAction\":[{\"@type\":\"ReadAction\",\"target\":[\"https:\/\/lacanaubeachclub.fr\/index.php\/elementor-1161\/\"]}]},{\"@type\":\"ImageObject\",\"inLanguage\":\"fr-FR\",\"@id\":\"https:\/\/lacanaubeachclub.fr\/index.php\/elementor-1161\/#primaryimage\",\"url\":\"http:\/\/lacanaubeachclub.fr\/wp-content\/uploads\/2026\/02\/WhatsApp-Image-2025-12-18-at-13.24.13-1-682x1024.jpeg\",\"contentUrl\":\"http:\/\/lacanaubeachclub.fr\/wp-content\/uploads\/2026\/02\/WhatsApp-Image-2025-12-18-at-13.24.13-1-682x1024.jpeg\"},{\"@type\":\"BreadcrumbList\",\"@id\":\"https:\/\/lacanaubeachclub.fr\/index.php\/elementor-1161\/#breadcrumb\",\"itemListElement\":[{\"@type\":\"ListItem\",\"position\":1,\"name\":\"Accueil\",\"item\":\"https:\/\/lacanaubeachclub.fr\/\"},{\"@type\":\"ListItem\",\"position\":2,\"name\":\"YOGA\"}]},{\"@type\":\"WebSite\",\"@id\":\"https:\/\/lacanaubeachclub.fr\/#website\",\"url\":\"https:\/\/lacanaubeachclub.fr\/\",\"name\":\"Lacanau Beach Club\",\"description\":\"\",\"potentialAction\":[{\"@type\":\"SearchAction\",\"target\":{\"@type\":\"EntryPoint\",\"urlTemplate\":\"https:\/\/lacanaubeachclub.fr\/?s={search_term_string}\"},\"query-input\":{\"@type\":\"PropertyValueSpecification\",\"valueRequired\":true,\"valueName\":\"search_term_string\"}}],\"inLanguage\":\"fr-FR\"}]}<\/script>\n<!-- \/ Yoast SEO plugin. -->","yoast_head_json":{"title":"YOGA - Lacanau Beach Club","robots":{"index":"index","follow":"follow","max-snippet":"max-snippet:-1","max-image-preview":"max-image-preview:large","max-video-preview":"max-video-preview:-1"},"canonical":"https:\/\/lacanaubeachclub.fr\/index.php\/elementor-1161\/","og_locale":"fr_FR","og_type":"article","og_title":"YOGA - Lacanau Beach Club","og_description":"YOGA Face \u00e0 l\u2019oc\u00e9an, laissez le rythme des vagues guider votre respiration. \u00a0Nos s\u00e9ances de yoga en plein air vous [&hellip;]","og_url":"https:\/\/lacanaubeachclub.fr\/index.php\/elementor-1161\/","og_site_name":"Lacanau Beach Club","article_modified_time":"2026-02-26T21:21:04+00:00","og_image":[{"url":"http:\/\/lacanaubeachclub.fr\/wp-content\/uploads\/2026\/02\/WhatsApp-Image-2025-12-18-at-13.24.13-1-682x1024.jpeg","type":"","width":"","height":""}],"twitter_card":"summary_large_image","twitter_misc":{"Dur\u00e9e de lecture estim\u00e9e":"2 minutes"},"schema":{"@context":"https:\/\/schema.org","@graph":[{"@type":"WebPage","@id":"https:\/\/lacanaubeachclub.fr\/index.php\/elementor-1161\/","url":"https:\/\/lacanaubeachclub.fr\/index.php\/elementor-1161\/","name":"YOGA - Lacanau Beach Club","isPartOf":{"@id":"https:\/\/lacanaubeachclub.fr\/#website"},"primaryImageOfPage":{"@id":"https:\/\/lacanaubeachclub.fr\/index.php\/elementor-1161\/#primaryimage"},"image":{"@id":"https:\/\/lacanaubeachclub.fr\/index.php\/elementor-1161\/#primaryimage"},"thumbnailUrl":"http:\/\/lacanaubeachclub.fr\/wp-content\/uploads\/2026\/02\/WhatsApp-Image-2025-12-18-at-13.24.13-1-682x1024.jpeg","datePublished":"2026-02-21T13:24:52+00:00","dateModified":"2026-02-26T21:21:04+00:00","breadcrumb":{"@id":"https:\/\/lacanaubeachclub.fr\/index.php\/elementor-1161\/#breadcrumb"},"inLanguage":"fr-FR","potentialAction":[{"@type":"ReadAction","target":["https:\/\/lacanaubeachclub.fr\/index.php\/elementor-1161\/"]}]},{"@type":"ImageObject","inLanguage":"fr-FR","@id":"https:\/\/lacanaubeachclub.fr\/index.php\/elementor-1161\/#primaryimage","url":"http:\/\/lacanaubeachclub.fr\/wp-content\/uploads\/2026\/02\/WhatsApp-Image-2025-12-18-at-13.24.13-1-682x1024.jpeg","contentUrl":"http:\/\/lacanaubeachclub.fr\/wp-content\/uploads\/2026\/02\/WhatsApp-Image-2025-12-18-at-13.24.13-1-682x1024.jpeg"},{"@type":"BreadcrumbList","@id":"https:\/\/lacanaubeachclub.fr\/index.php\/elementor-1161\/#breadcrumb","itemListElement":[{"@type":"ListItem","position":1,"name":"Accueil","item":"https:\/\/lacanaubeachclub.fr\/"},{"@type":"ListItem","position":2,"name":"YOGA"}]},{"@type":"WebSite","@id":"https:\/\/lacanaubeachclub.fr\/#website","url":"https:\/\/lacanaubeachclub.fr\/","name":"Lacanau Beach Club","description":"","potentialAction":[{"@type":"SearchAction","target":{"@type":"EntryPoint","urlTemplate":"https:\/\/lacanaubeachclub.fr\/?s={search_term_string}"},"query-input":{"@type":"PropertyValueSpecification","valueRequired":true,"valueName":"search_term_string"}}],"inLanguage":"fr-FR"}]}},"_links":{"self":[{"href":"https:\/\/lacanaubeachclub.fr\/index.php\/wp-json\/wp\/v2\/pages\/1161","targetHints":{"allow":["GET"]}}],"collection":[{"href":"https:\/\/lacanaubeachclub.fr\/index.php\/wp-json\/wp\/v2\/pages"}],"about":[{"href":"https:\/\/lacanaubeachclub.fr\/index.php\/wp-json\/wp\/v2\/types\/page"}],"author":[{"embeddable":true,"href":"https:\/\/lacanaubeachclub.fr\/index.php\/wp-json\/wp\/v2\/users\/1"}],"replies":[{"embeddable":true,"href":"https:\/\/lacanaubeachclub.fr\/index.php\/wp-json\/wp\/v2\/comments?post=1161"}],"version-history":[{"count":17,"href":"https:\/\/lacanaubeachclub.fr\/index.php\/wp-json\/wp\/v2\/pages\/1161\/revisions"}],"predecessor-version":[{"id":1202,"href":"https:\/\/lacanaubeachclub.fr\/index.php\/wp-json\/wp\/v2\/pages\/1161\/revisions\/1202"}],"wp:attachment":[{"href":"https:\/\/lacanaubeachclub.fr\/index.php\/wp-json\/wp\/v2\/media?parent=1161"}],"curies":[{"name":"wp","href":"https:\/\/api.w.org\/{rel}","templated":true}]}}